{"id":657,"date":"2024-03-05T11:35:59","date_gmt":"2024-03-05T11:35:59","guid":{"rendered":"https:\/\/wecodedesign.com\/?page_id=657"},"modified":"2024-03-15T19:28:26","modified_gmt":"2024-03-15T17:28:26","slug":"gift-voucher-photo-course","status":"publish","type":"page","link":"https:\/\/berlinschoolofphotography.com\/en\/gift-voucher-photo-course\/","title":{"rendered":"Fotokurs Gutschein Berlin"},"content":{"rendered":"","protected":false},"excerpt":{"rendered":"","protected":false},"author":5,"featured_media":0,"parent":0,"menu_order":0,"comment_status":"closed","ping_status":"closed","template":"","meta":{"_acf_changed":false,"_seopress_robots_primary_cat":"","_seopress_titles_title":"Berlin School of Photography - Fotokurs Gutschein verschenken","_seopress_titles_desc":"Mache Deine Liebsten gl\u00fccklich, verschenke einen Fotokurs Gutschein! Anf\u00e4nger bis Fortgeschrittene, Natur- bis Street Art, digital oder pers\u00f6nlich, f\u00fcr jeden was dabei.","_seopress_robots_index":"","footnotes":""},"class_list":["post-657","page","type-page","status-publish"],"acf":[],"_links":{"self":[{"href":"https:\/\/berlinschoolofphotography.com\/en\/wp-json\/wp\/v2\/pages\/657","targetHints":{"allow":["GET"]}}],"collection":[{"href":"https:\/\/berlinschoolofphotography.com\/en\/wp-json\/wp\/v2\/pages"}],"about":[{"href":"https:\/\/berlinschoolofphotography.com\/en\/wp-json\/wp\/v2\/types\/page"}],"author":[{"embeddable":true,"href":"https:\/\/berlinschoolofphotography.com\/en\/wp-json\/wp\/v2\/users\/5"}],"replies":[{"embeddable":true,"href":"https:\/\/berlinschoolofphotography.com\/en\/wp-json\/wp\/v2\/comments?post=657"}],"version-history":[{"count":0,"href":"https:\/\/berlinschoolofphotography.com\/en\/wp-json\/wp\/v2\/pages\/657\/revisions"}],"wp:attachment":[{"href":"https:\/\/berlinschoolofphotography.com\/en\/wp-json\/wp\/v2\/media?parent=657"}],"curies":[{"name":"wp","href":"https:\/\/api.w.org\/{rel}","templated":true}]}}