{"id":604,"date":"2024-02-27T13:26:04","date_gmt":"2024-02-27T13:26:04","guid":{"rendered":"https:\/\/wecodedesign.com\/?page_id=604"},"modified":"2025-03-23T10:32:25","modified_gmt":"2025-03-23T08:32:25","slug":"beginner-photo-workshop-level-2-berlin","status":"publish","type":"page","link":"https:\/\/berlinschoolofphotography.com\/en\/beginner-photo-workshop-level-2-berlin\/","title":{"rendered":"Workshop for Beginner Level 2"},"content":{"rendered":"","protected":false},"excerpt":{"rendered":"","protected":false},"author":5,"featured_media":0,"parent":0,"menu_order":0,"comment_status":"closed","ping_status":"closed","template":"","meta":{"_acf_changed":false,"_seopress_robots_primary_cat":"","_seopress_titles_title":"Berlin School of Photography Fotokurs f\u00fcr Einsteiger Level 2","_seopress_titles_desc":"Der Anf\u00e4nger Fotokurs Level 2 ist die ideale Erg\u00e4nzung zum Einsteiger Fotokurs Level 1. Du lernst Techniken, um ein starkes fotografisches Fundament aufzubauen.","_seopress_robots_index":"","footnotes":""},"class_list":["post-604","page","type-page","status-publish"],"acf":[],"_links":{"self":[{"href":"https:\/\/berlinschoolofphotography.com\/en\/wp-json\/wp\/v2\/pages\/604","targetHints":{"allow":["GET"]}}],"collection":[{"href":"https:\/\/berlinschoolofphotography.com\/en\/wp-json\/wp\/v2\/pages"}],"about":[{"href":"https:\/\/berlinschoolofphotography.com\/en\/wp-json\/wp\/v2\/types\/page"}],"author":[{"embeddable":true,"href":"https:\/\/berlinschoolofphotography.com\/en\/wp-json\/wp\/v2\/users\/5"}],"replies":[{"embeddable":true,"href":"https:\/\/berlinschoolofphotography.com\/en\/wp-json\/wp\/v2\/comments?post=604"}],"version-history":[{"count":1,"href":"https:\/\/berlinschoolofphotography.com\/en\/wp-json\/wp\/v2\/pages\/604\/revisions"}],"predecessor-version":[{"id":2518,"href":"https:\/\/berlinschoolofphotography.com\/en\/wp-json\/wp\/v2\/pages\/604\/revisions\/2518"}],"wp:attachment":[{"href":"https:\/\/berlinschoolofphotography.com\/en\/wp-json\/wp\/v2\/media?parent=604"}],"curies":[{"name":"wp","href":"https:\/\/api.w.org\/{rel}","templated":true}]}}